{"id":2342,"date":"2023-01-30T13:52:41","date_gmt":"2023-01-30T12:52:41","guid":{"rendered":"https:\/\/www.campingdaino.com\/?page_id=2342"},"modified":"2024-03-19T11:21:52","modified_gmt":"2024-03-19T10:21:52","slug":"buchungsbedingungen","status":"publish","type":"page","link":"https:\/\/www.campingdaino.com\/de\/buchungsbedingungen\/","title":{"rendered":"Buchungsbedingungen"},"content":{"rendered":"[vc_row type=&#8220;in_container&#8220; full_screen_row_position=&#8220;middle&#8220; column_margin=&#8220;default&#8220; column_direction=&#8220;default&#8220; column_direction_tablet=&#8220;default&#8220; column_direction_phone=&#8220;default&#8220; scene_position=&#8220;center&#8220; text_color=&#8220;dark&#8220; text_align=&#8220;left&#8220; row_border_radius=&#8220;none&#8220; row_border_radius_applies=&#8220;bg&#8220; overflow=&#8220;visible&#8220; overlay_strength=&#8220;0.3&#8243; gradient_direction=&#8220;left_to_right&#8220; shape_divider_position=&#8220;bottom&#8220; bg_image_animation=&#8220;none&#8220;][vc_column column_padding=&#8220;no-extra-padding&#8220; column_padding_tablet=&#8220;inherit&#8220; column_padding_phone=&#8220;inherit&#8220; column_padding_position=&#8220;all&#8220; column_element_direction_desktop=&#8220;default&#8220; column_element_spacing=&#8220;default&#8220; desktop_text_alignment=&#8220;default&#8220; tablet_text_alignment=&#8220;default&#8220; phone_text_alignment=&#8220;default&#8220; background_color_opacity=&#8220;1&#8243; background_hover_color_opacity=&#8220;1&#8243; column_backdrop_filter=&#8220;none&#8220; column_shadow=&#8220;none&#8220; column_border_radius=&#8220;none&#8220; column_link_target=&#8220;_self&#8220; column_position=&#8220;default&#8220; gradient_direction=&#8220;left_to_right&#8220; overlay_strength=&#8220;0.3&#8243; width=&#8220;1\/1&#8243; tablet_width_inherit=&#8220;default&#8220; animation_type=&#8220;default&#8220; bg_image_animation=&#8220;none&#8220; border_type=&#8220;simple&#8220; column_border_width=&#8220;none&#8220; column_border_style=&#8220;solid&#8220;][vc_column_text]\n<p>BUCHUNGSBEDINGUNGEN<\/p>\n[\/vc_column_text][vc_column_text]\n<ol>\n<li>Die Reservierung gilt nur nach Bezahlung der Kaution (Anzahlung) durch den Kunden und Erhalt der Buchungsbest\u00e4tigung durch Camping Daino als endg\u00fcltig.<\/li>\n<li>Die Zahlung der Anzahlung best\u00e4tigt die Annahme der hier aufgef\u00fchrten Bedingungen, da damit der Buchungsvertrag abgeschlossen wird.<\/li>\n<li>Die Anzahlung und der Restbetrag k\u00f6nnen per Bank\u00fcberweisung oder Kreditkarte direkt auf unserer Website oder an der Rezeption bezahlt werden.<\/li>\n<li>Die Kaution wird wie folgt ausgerechnet:<br \/>\n<u>F\u00fcr die Mobilheime und das Chalet<\/u>: 100% des gesamten Aufentaltsbetrags f\u00fcr einen bis zwei Tage langen Aufenthalt; f\u00fcr l\u00e4ngere Aufenthalte betr\u00e4gt die Anzahlung 30% des gesamten Aufentaltsbetrag.<br \/>\n<u>F\u00fcr die Stellpl\u00e4tze und die Zelte<\/u>: 100% des gesamten Aufentaltsbetrags f\u00fcr einen bis zwei Tage langen Aufenthalt; f\u00fcr l\u00e4ngere Aufenthalte betr\u00e4gt die Anzahlung 40% des gesamten Aufentaltsbetrags.<\/li>\n<li>Stornierungen m\u00fcssen bei Mobilheimen und dem Chalet mindestens 30 Tage, bei Stellpl\u00e4tzen und Zelten eine Woche vor der Ankunft erfolgen. In diesen F\u00e4llen wird die Kaution unter Abzug einer Bearbeitungsgeb\u00fchr von 10,00 \u20ac zur\u00fcckerstattet. Nach diesem Datum wird die Kaution einbehalten.<\/li>\n<li>Sollte der Kunde bereits den gesamt Aufenthaltsbetrag schon bezahlt haben, wird dieser abz\u00fcglich der Kaution und der Bearbeitungsgeb\u00fchr zur\u00fcckerstattet.<\/li>\n<li>Bei vorzeitiger Abreise wird dem Kunden die gebuchten Tage seines Aufenthalts in voller H\u00f6he in Rechnung gestellt.<\/li>\n<li>F\u00fcr die Mobilheime und das Chalet wird einen Mindestaufenthalt von 3 N\u00e4chten im Juli und August gefordert.<\/li>\n<li>Die Stellpl\u00e4tze m\u00fcssen am Abreisetag bis 12.00 Uhr, die Mobilheime, das Chalet und die Zelte bis 10.00 Uhr verlassen werden.[\/vc_column_text][divider line_type=&#8220;No Line&#8220; custom_height=&#8220;100&#8243;][\/vc_column][\/vc_row][vc_row type=&#8220;in_container&#8220; full_screen_row_position=&#8220;middle&#8220; column_margin=&#8220;default&#8220; column_direction=&#8220;default&#8220; column_direction_tablet=&#8220;default&#8220; column_direction_phone=&#8220;default&#8220; scene_position=&#8220;center&#8220; text_color=&#8220;dark&#8220; text_align=&#8220;left&#8220; row_border_radius=&#8220;none&#8220; row_border_radius_applies=&#8220;bg&#8220; overflow=&#8220;visible&#8220; overlay_strength=&#8220;0.3&#8243; gradient_direction=&#8220;left_to_right&#8220; shape_divider_position=&#8220;bottom&#8220; bg_image_animation=&#8220;none&#8220;][vc_column column_padding=&#8220;no-extra-padding&#8220; column_padding_tablet=&#8220;inherit&#8220; column_padding_phone=&#8220;inherit&#8220; column_padding_position=&#8220;all&#8220; column_element_direction_desktop=&#8220;default&#8220; column_element_spacing=&#8220;default&#8220; desktop_text_alignment=&#8220;default&#8220; tablet_text_alignment=&#8220;default&#8220; phone_text_alignment=&#8220;default&#8220; background_color_opacity=&#8220;1&#8243; background_hover_color_opacity=&#8220;1&#8243; column_backdrop_filter=&#8220;none&#8220; column_shadow=&#8220;none&#8220; column_border_radius=&#8220;none&#8220; column_link_target=&#8220;_self&#8220; column_position=&#8220;default&#8220; gradient_direction=&#8220;left_to_right&#8220; overlay_strength=&#8220;0.3&#8243; width=&#8220;1\/1&#8243; tablet_width_inherit=&#8220;default&#8220; animation_type=&#8220;default&#8220; bg_image_animation=&#8220;none&#8220; border_type=&#8220;simple&#8220; column_border_width=&#8220;none&#8220; column_border_style=&#8220;solid&#8220;][nectar_global_section id=&#8220;1578&#8243;][\/vc_column][\/vc_row]<\/li>\n<\/ol>\n","protected":false},"excerpt":{"rendered":"<p>[vc_row type=&#8220;in_container&#8220; full_screen_row_position=&#8220;middle&#8220; column_margin=&#8220;default&#8220; column_direction=&#8220;default&#8220; column_direction_tablet=&#8220;default&#8220; column_direction_phone=&#8220;default&#8220; scene_position=&#8220;center&#8220; text_color=&#8220;dark&#8220; text_align=&#8220;left&#8220; row_border_radius=&#8220;none&#8220; row_border_radius_applies=&#8220;bg&#8220; overflow=&#8220;visible&#8220; overlay_strength=&#8220;0.3&#8243; gradient_direction=&#8220;left_to_right&#8220; shape_divider_position=&#8220;bottom&#8220; bg_image_animation=&#8220;none&#8220;][vc_column column_padding=&#8220;no-extra-padding&#8220; column_padding_tablet=&#8220;inherit&#8220; column_padding_phone=&#8220;inherit&#8220; column_padding_position=&#8220;all&#8220; column_element_direction_desktop=&#8220;default&#8220; column_element_spacing=&#8220;default&#8220; desktop_text_alignment=&#8220;default&#8220; tablet_text_alignment=&#8220;default&#8220; phone_text_alignment=&#8220;default&#8220; background_color_opacity=&#8220;1&#8243; background_hover_color_opacity=&#8220;1&#8243; column_backdrop_filter=&#8220;none&#8220; column_shadow=&#8220;none&#8220;&#8230;<\/p>\n","protected":false},"author":6,"featured_media":0,"parent":0,"menu_order":0,"comment_status":"closed","ping_status":"closed","template":"","meta":{"footnotes":""},"class_list":["post-2342","page","type-page","status-publish"],"_links":{"self":[{"href":"https:\/\/www.campingdaino.com\/de\/wp-json\/wp\/v2\/pages\/2342","targetHints":{"allow":["GET"]}}],"collection":[{"href":"https:\/\/www.campingdaino.com\/de\/wp-json\/wp\/v2\/pages"}],"about":[{"href":"https:\/\/www.campingdaino.com\/de\/wp-json\/wp\/v2\/types\/page"}],"author":[{"embeddable":true,"href":"https:\/\/www.campingdaino.com\/de\/wp-json\/wp\/v2\/users\/6"}],"replies":[{"embeddable":true,"href":"https:\/\/www.campingdaino.com\/de\/wp-json\/wp\/v2\/comments?post=2342"}],"version-history":[{"count":3,"href":"https:\/\/www.campingdaino.com\/de\/wp-json\/wp\/v2\/pages\/2342\/revisions"}],"predecessor-version":[{"id":3030,"href":"https:\/\/www.campingdaino.com\/de\/wp-json\/wp\/v2\/pages\/2342\/revisions\/3030"}],"wp:attachment":[{"href":"https:\/\/www.campingdaino.com\/de\/wp-json\/wp\/v2\/media?parent=2342"}],"curies":[{"name":"wp","href":"https:\/\/api.w.org\/{rel}","templated":true}]}}